{"id":13,"date":"2021-04-21T02:06:28","date_gmt":"2021-04-21T00:06:28","guid":{"rendered":"https:\/\/integratedcare.mc3.sk\/?page_id=13"},"modified":"2021-07-21T12:32:25","modified_gmt":"2021-07-21T10:32:25","slug":"pripravit-sa","status":"publish","type":"page","link":"https:\/\/integratedcare.mc3.sk\/index.php\/pripravit-sa\/","title":{"rendered":"PRIPRAVI\u0164 SA"},"content":{"rendered":"\t\t<div data-elementor-type=\"wp-page\" data-elementor-id=\"13\" class=\"elementor elementor-13\" data-elementor-post-type=\"page\">\n\t\t\t\t\t\t<section class=\"elementor-section elementor-top-section elementor-element elementor-element-afa368f elementor-reverse-mobile elementor-section-height-min-height elementor-section-boxed elementor-section-height-default elementor-section-items-middle\" data-id=\"afa368f\" data-element_type=\"section\" data-e-type=\"section\" data-settings=\"{&quot;background_background&quot;:&quot;classic&quot;}\">\n\t\t\t\t\t\t\t<div class=\"elementor-background-overlay\"><\/div>\n\t\t\t\t\t\t\t<div class=\"elementor-container elementor-column-gap-default\">\n\t\t\t\t\t<div class=\"elementor-column elementor-col-100 elementor-top-column elementor-element elementor-element-466e1d6\" data-id=\"466e1d6\" data-element_type=\"column\" data-e-type=\"column\">\n\t\t\t<div class=\"elementor-widget-wrap elementor-element-populated\">\n\t\t\t\t\t\t<div class=\"elementor-element elementor-element-78a98bf elementor-view-framed elementor-shape-circle elementor-widget elementor-widget-icon\" data-id=\"78a98bf\" data-element_type=\"widget\" data-e-type=\"widget\" data-widget_type=\"icon.default\">\n\t\t\t\t<div class=\"elementor-widget-container\">\n\t\t\t\t\t\t\t<div class=\"elementor-icon-wrapper\">\n\t\t\t<a class=\"elementor-icon elementor-animation-pulse\" href=\"#pripravitsa\">\n\t\t\t<i aria-hidden=\"true\" class=\"fas fa-lightbulb\"><\/i>\t\t\t<\/a>\n\t\t<\/div>\n\t\t\t\t\t\t<\/div>\n\t\t\t\t<\/div>\n\t\t\t\t<div class=\"elementor-element elementor-element-1f9ccc4d elementor-widget elementor-widget-heading\" data-id=\"1f9ccc4d\" data-element_type=\"widget\" data-e-type=\"widget\" data-widget_type=\"heading.default\">\n\t\t\t\t<div class=\"elementor-widget-container\">\n\t\t\t\t\t<h2 class=\"elementor-heading-title elementor-size-default\">PRIPRAVI\u0164 SA<\/h2>\t\t\t\t<\/div>\n\t\t\t\t<\/div>\n\t\t\t\t<div class=\"elementor-element elementor-element-31f10df9 elementor-widget elementor-widget-text-editor\" data-id=\"31f10df9\" data-element_type=\"widget\" data-e-type=\"widget\" data-widget_type=\"text-editor.default\">\n\t\t\t\t<div class=\"elementor-widget-container\">\n\t\t\t\t\t\t\t\t\t<p><strong>Poskytuje<\/strong> preh\u013ead z\u00e1kladn\u00fdch poznatkov t\u00fdkaj\u00facich sa integrovanej starostlivosti.\u00a0<br \/><strong>Vysvet\u013euje<\/strong> v\u00fdchodiskov\u00fd teoretick\u00fd model, na ktorom je zalo\u017een\u00e1 integrovan\u00e1 starostlivos\u0165.\u00a0<br \/><strong>Popisuje<\/strong> hlavn\u00e9 ciele a princ\u00edpy integrovanej starostlivosti.\u00a0<br \/><strong>Prin\u00e1\u0161a<\/strong> \u0161irok\u00e9 spektrum pr\u00edkladov dobrej praxe z in\u00fdch kraj\u00edn.<\/p>\t\t\t\t\t\t\t\t<\/div>\n\t\t\t\t<\/div>\n\t\t\t\t<div class=\"elementor-element elementor-element-2063861 elementor-widget elementor-widget-menu-anchor\" data-id=\"2063861\" data-element_type=\"widget\" data-e-type=\"widget\" data-widget_type=\"menu-anchor.default\">\n\t\t\t\t<div class=\"elementor-widget-container\">\n\t\t\t\t\t\t\t<div class=\"elementor-menu-anchor\" id=\"pripravitsa\"><\/div>\n\t\t\t\t\t\t<\/div>\n\t\t\t\t<\/div>\n\t\t\t\t\t<\/div>\n\t\t<\/div>\n\t\t\t\t\t<\/div>\n\t\t<\/section>\n\t\t\t\t<section class=\"elementor-section elementor-top-section elementor-element elementor-element-712668b9 elementor-hidden-tablet elementor-section-boxed elementor-section-height-default elementor-section-height-default\" data-id=\"712668b9\" data-element_type=\"section\" data-e-type=\"section\" data-settings=\"{&quot;background_background&quot;:&quot;classic&quot;}\">\n\t\t\t\t\t\t<div class=\"elementor-container elementor-column-gap-extended\">\n\t\t\t\t\t<div class=\"elementor-column elementor-col-33 elementor-top-column elementor-element elementor-element-435de3d6 elementor-invisible\" data-id=\"435de3d6\" data-element_type=\"column\" data-e-type=\"column\" data-settings=\"{&quot;animation&quot;:&quot;fadeInUp&quot;}\">\n\t\t\t<div class=\"elementor-widget-wrap elementor-element-populated\">\n\t\t\t\t\t\t<div class=\"elementor-element elementor-element-1c3c3645 elementor-position-top elementor-widget elementor-widget-image-box\" data-id=\"1c3c3645\" data-element_type=\"widget\" data-e-type=\"widget\" data-widget_type=\"image-box.default\">\n\t\t\t\t<div class=\"elementor-widget-container\">\n\t\t\t\t\t<div class=\"elementor-image-box-wrapper\"><figure class=\"elementor-image-box-img\"><a href=\"https:\/\/integratedcare.mc3.sk\/index.php\/pripravit-sa\/integrovana-starostlivost\/\" tabindex=\"-1\"><img fetchpriority=\"high\" decoding=\"async\" width=\"2000\" height=\"1333\" src=\"https:\/\/integratedcare.mc3.sk\/wp-content\/uploads\/2021\/05\/multigenerational-family-walking-with-dog-on-seash-W5HNNGZ.jpg\" class=\"elementor-animation-float attachment-full size-full wp-image-1893\" alt=\"\" srcset=\"https:\/\/integratedcare.mc3.sk\/wp-content\/uploads\/2021\/05\/multigenerational-family-walking-with-dog-on-seash-W5HNNGZ.jpg 2000w, https:\/\/integratedcare.mc3.sk\/wp-content\/uploads\/2021\/05\/multigenerational-family-walking-with-dog-on-seash-W5HNNGZ-300x200.jpg 300w, https:\/\/integratedcare.mc3.sk\/wp-content\/uploads\/2021\/05\/multigenerational-family-walking-with-dog-on-seash-W5HNNGZ-1024x682.jpg 1024w, https:\/\/integratedcare.mc3.sk\/wp-content\/uploads\/2021\/05\/multigenerational-family-walking-with-dog-on-seash-W5HNNGZ-768x512.jpg 768w, https:\/\/integratedcare.mc3.sk\/wp-content\/uploads\/2021\/05\/multigenerational-family-walking-with-dog-on-seash-W5HNNGZ-1536x1024.jpg 1536w\" sizes=\"(max-width: 2000px) 100vw, 2000px\" \/><\/a><\/figure><div class=\"elementor-image-box-content\"><h3 class=\"elementor-image-box-title\"><a href=\"https:\/\/integratedcare.mc3.sk\/index.php\/pripravit-sa\/integrovana-starostlivost\/\">Integrovan\u00e1 starostlivos\u0165<\/a><\/h3><p class=\"elementor-image-box-description\">Z\u00e1kladn\u00e9 koncepty a princ\u00edpy <br>integrovanej starostlivosti<\/p><\/div><\/div>\t\t\t\t<\/div>\n\t\t\t\t<\/div>\n\t\t\t\t<div class=\"elementor-element elementor-element-132110b elementor-view-default elementor-widget elementor-widget-icon\" data-id=\"132110b\" data-element_type=\"widget\" data-e-type=\"widget\" data-widget_type=\"icon.default\">\n\t\t\t\t<div class=\"elementor-widget-container\">\n\t\t\t\t\t\t\t<div class=\"elementor-icon-wrapper\">\n\t\t\t<a class=\"elementor-icon elementor-animation-pulse\" href=\"https:\/\/integratedcare.mc3.sk\/index.php\/pripravit-sa\/integrovana-starostlivost\/\">\n\t\t\t<i aria-hidden=\"true\" class=\"fas fa-arrow-alt-circle-right\"><\/i>\t\t\t<\/a>\n\t\t<\/div>\n\t\t\t\t\t\t<\/div>\n\t\t\t\t<\/div>\n\t\t\t\t<div class=\"elementor-element elementor-element-343e387 elementor-widget elementor-widget-spacer\" data-id=\"343e387\" data-element_type=\"widget\" data-e-type=\"widget\" data-widget_type=\"spacer.default\">\n\t\t\t\t<div class=\"elementor-widget-container\">\n\t\t\t\t\t\t\t<div class=\"elementor-spacer\">\n\t\t\t<div class=\"elementor-spacer-inner\"><\/div>\n\t\t<\/div>\n\t\t\t\t\t\t<\/div>\n\t\t\t\t<\/div>\n\t\t\t\t\t<\/div>\n\t\t<\/div>\n\t\t\t\t<div class=\"elementor-column elementor-col-33 elementor-top-column elementor-element elementor-element-32ecc983 elementor-invisible\" data-id=\"32ecc983\" data-element_type=\"column\" data-e-type=\"column\" data-settings=\"{&quot;animation&quot;:&quot;fadeInUp&quot;,&quot;animation_delay&quot;:300}\">\n\t\t\t<div class=\"elementor-widget-wrap elementor-element-populated\">\n\t\t\t\t\t\t<div class=\"elementor-element elementor-element-53b9082d elementor-position-top elementor-widget elementor-widget-image-box\" data-id=\"53b9082d\" data-element_type=\"widget\" data-e-type=\"widget\" data-widget_type=\"image-box.default\">\n\t\t\t\t<div class=\"elementor-widget-container\">\n\t\t\t\t\t<div class=\"elementor-image-box-wrapper\"><figure class=\"elementor-image-box-img\"><a href=\"https:\/\/integratedcare.mc3.sk\/index.php\/pripravit-sa\/model-ccm\/\" tabindex=\"-1\"><img decoding=\"async\" width=\"2000\" height=\"1333\" src=\"https:\/\/integratedcare.mc3.sk\/wp-content\/uploads\/2021\/05\/live-together-V5YFK2P-web.jpg\" class=\"elementor-animation-float attachment-full size-full wp-image-1720\" alt=\"\" srcset=\"https:\/\/integratedcare.mc3.sk\/wp-content\/uploads\/2021\/05\/live-together-V5YFK2P-web.jpg 2000w, https:\/\/integratedcare.mc3.sk\/wp-content\/uploads\/2021\/05\/live-together-V5YFK2P-web-300x200.jpg 300w, https:\/\/integratedcare.mc3.sk\/wp-content\/uploads\/2021\/05\/live-together-V5YFK2P-web-1024x682.jpg 1024w, https:\/\/integratedcare.mc3.sk\/wp-content\/uploads\/2021\/05\/live-together-V5YFK2P-web-768x512.jpg 768w, https:\/\/integratedcare.mc3.sk\/wp-content\/uploads\/2021\/05\/live-together-V5YFK2P-web-1536x1024.jpg 1536w\" sizes=\"(max-width: 2000px) 100vw, 2000px\" \/><\/a><\/figure><div class=\"elementor-image-box-content\"><h3 class=\"elementor-image-box-title\"><a href=\"https:\/\/integratedcare.mc3.sk\/index.php\/pripravit-sa\/model-ccm\/\">Model CCM<\/a><\/h3><p class=\"elementor-image-box-description\">Efekt\u00edvny r\u00e1mec starostlivosti <br>o \u013eud\u00ed s chronick\u00fdmi chorobami<\/p><\/div><\/div>\t\t\t\t<\/div>\n\t\t\t\t<\/div>\n\t\t\t\t<div class=\"elementor-element elementor-element-fc636af elementor-view-default elementor-widget elementor-widget-icon\" data-id=\"fc636af\" data-element_type=\"widget\" data-e-type=\"widget\" data-widget_type=\"icon.default\">\n\t\t\t\t<div class=\"elementor-widget-container\">\n\t\t\t\t\t\t\t<div class=\"elementor-icon-wrapper\">\n\t\t\t<a class=\"elementor-icon elementor-animation-pulse\" href=\"https:\/\/integratedcare.mc3.sk\/index.php\/pripravit-sa\/model-ccm\/\">\n\t\t\t<i aria-hidden=\"true\" class=\"fas fa-arrow-alt-circle-right\"><\/i>\t\t\t<\/a>\n\t\t<\/div>\n\t\t\t\t\t\t<\/div>\n\t\t\t\t<\/div>\n\t\t\t\t<div class=\"elementor-element elementor-element-44c62d3 elementor-widget elementor-widget-spacer\" data-id=\"44c62d3\" data-element_type=\"widget\" data-e-type=\"widget\" data-widget_type=\"spacer.default\">\n\t\t\t\t<div class=\"elementor-widget-container\">\n\t\t\t\t\t\t\t<div class=\"elementor-spacer\">\n\t\t\t<div class=\"elementor-spacer-inner\"><\/div>\n\t\t<\/div>\n\t\t\t\t\t\t<\/div>\n\t\t\t\t<\/div>\n\t\t\t\t\t<\/div>\n\t\t<\/div>\n\t\t\t\t<div class=\"elementor-column elementor-col-33 elementor-top-column elementor-element elementor-element-459544de elementor-invisible\" data-id=\"459544de\" data-element_type=\"column\" data-e-type=\"column\" data-settings=\"{&quot;animation&quot;:&quot;fadeInUp&quot;,&quot;animation_delay&quot;:600}\">\n\t\t\t<div class=\"elementor-widget-wrap elementor-element-populated\">\n\t\t\t\t\t\t<div class=\"elementor-element elementor-element-456cacf9 elementor-position-top elementor-widget elementor-widget-image-box\" data-id=\"456cacf9\" data-element_type=\"widget\" data-e-type=\"widget\" data-widget_type=\"image-box.default\">\n\t\t\t\t<div class=\"elementor-widget-container\">\n\t\t\t\t\t<div class=\"elementor-image-box-wrapper\"><figure class=\"elementor-image-box-img\"><a href=\"https:\/\/integratedcare.mc3.sk\/index.php\/pripravit-sa\/priklady-dobrej-praxe-z-inych-krajin\/\" tabindex=\"-1\"><img decoding=\"async\" width=\"2000\" height=\"1333\" src=\"https:\/\/integratedcare.mc3.sk\/wp-content\/uploads\/2021\/05\/woman-assisting-patient-in-wheelchair-P6NTSHQ-web.jpg\" class=\"elementor-animation-float attachment-full size-full wp-image-1724\" alt=\"\" srcset=\"https:\/\/integratedcare.mc3.sk\/wp-content\/uploads\/2021\/05\/woman-assisting-patient-in-wheelchair-P6NTSHQ-web.jpg 2000w, https:\/\/integratedcare.mc3.sk\/wp-content\/uploads\/2021\/05\/woman-assisting-patient-in-wheelchair-P6NTSHQ-web-300x200.jpg 300w, https:\/\/integratedcare.mc3.sk\/wp-content\/uploads\/2021\/05\/woman-assisting-patient-in-wheelchair-P6NTSHQ-web-1024x682.jpg 1024w, https:\/\/integratedcare.mc3.sk\/wp-content\/uploads\/2021\/05\/woman-assisting-patient-in-wheelchair-P6NTSHQ-web-768x512.jpg 768w, https:\/\/integratedcare.mc3.sk\/wp-content\/uploads\/2021\/05\/woman-assisting-patient-in-wheelchair-P6NTSHQ-web-1536x1024.jpg 1536w\" sizes=\"(max-width: 2000px) 100vw, 2000px\" \/><\/a><\/figure><div class=\"elementor-image-box-content\"><h3 class=\"elementor-image-box-title\"><a href=\"https:\/\/integratedcare.mc3.sk\/index.php\/pripravit-sa\/priklady-dobrej-praxe-z-inych-krajin\/\">Pr\u00edklady dobrej praxe<\/a><\/h3><p class=\"elementor-image-box-description\">In\u0161pirat\u00edvne pr\u00edklady dobrej praxe <br>z in\u00fdch kraj\u00edn<\/p><\/div><\/div>\t\t\t\t<\/div>\n\t\t\t\t<\/div>\n\t\t\t\t<div class=\"elementor-element elementor-element-3452da4 elementor-view-default elementor-widget elementor-widget-icon\" data-id=\"3452da4\" data-element_type=\"widget\" data-e-type=\"widget\" data-widget_type=\"icon.default\">\n\t\t\t\t<div class=\"elementor-widget-container\">\n\t\t\t\t\t\t\t<div class=\"elementor-icon-wrapper\">\n\t\t\t<a class=\"elementor-icon elementor-animation-pulse\" href=\"https:\/\/integratedcare.mc3.sk\/index.php\/pozor\/priklady-dobrej-praxe-na-slovensku\/\">\n\t\t\t<i aria-hidden=\"true\" class=\"fas fa-arrow-alt-circle-right\"><\/i>\t\t\t<\/a>\n\t\t<\/div>\n\t\t\t\t\t\t<\/div>\n\t\t\t\t<\/div>\n\t\t\t\t<div class=\"elementor-element elementor-element-8316c19 elementor-widget elementor-widget-spacer\" data-id=\"8316c19\" data-element_type=\"widget\" data-e-type=\"widget\" data-widget_type=\"spacer.default\">\n\t\t\t\t<div class=\"elementor-widget-container\">\n\t\t\t\t\t\t\t<div class=\"elementor-spacer\">\n\t\t\t<div class=\"elementor-spacer-inner\"><\/div>\n\t\t<\/div>\n\t\t\t\t\t\t<\/div>\n\t\t\t\t<\/div>\n\t\t\t\t\t<\/div>\n\t\t<\/div>\n\t\t\t\t\t<\/div>\n\t\t<\/section>\n\t\t\t\t<section class=\"elementor-section elementor-top-section elementor-element elementor-element-071ef1a elementor-hidden-desktop elementor-hidden-phone elementor-section-boxed elementor-section-height-default elementor-section-height-default\" data-id=\"071ef1a\" data-element_type=\"section\" data-e-type=\"section\" data-settings=\"{&quot;background_background&quot;:&quot;classic&quot;}\">\n\t\t\t\t\t\t<div class=\"elementor-container elementor-column-gap-extended\">\n\t\t\t\t\t<div class=\"elementor-column elementor-col-33 elementor-top-column elementor-element elementor-element-6ccbc29 elementor-invisible\" data-id=\"6ccbc29\" data-element_type=\"column\" data-e-type=\"column\" data-settings=\"{&quot;animation&quot;:&quot;fadeInUp&quot;}\">\n\t\t\t<div class=\"elementor-widget-wrap elementor-element-populated\">\n\t\t\t\t\t\t<div class=\"elementor-element elementor-element-b82c8c3 elementor-position-top elementor-widget elementor-widget-image-box\" data-id=\"b82c8c3\" data-element_type=\"widget\" data-e-type=\"widget\" data-widget_type=\"image-box.default\">\n\t\t\t\t<div class=\"elementor-widget-container\">\n\t\t\t\t\t<div class=\"elementor-image-box-wrapper\"><figure class=\"elementor-image-box-img\"><a href=\"https:\/\/integratedcare.mc3.sk\/index.php\/pripravit-sa\/integrovana-starostlivost\/\" tabindex=\"-1\"><img fetchpriority=\"high\" decoding=\"async\" width=\"2000\" height=\"1333\" src=\"https:\/\/integratedcare.mc3.sk\/wp-content\/uploads\/2021\/05\/multigenerational-family-walking-with-dog-on-seash-W5HNNGZ.jpg\" class=\"elementor-animation-float attachment-full size-full wp-image-1893\" alt=\"\" srcset=\"https:\/\/integratedcare.mc3.sk\/wp-content\/uploads\/2021\/05\/multigenerational-family-walking-with-dog-on-seash-W5HNNGZ.jpg 2000w, https:\/\/integratedcare.mc3.sk\/wp-content\/uploads\/2021\/05\/multigenerational-family-walking-with-dog-on-seash-W5HNNGZ-300x200.jpg 300w, https:\/\/integratedcare.mc3.sk\/wp-content\/uploads\/2021\/05\/multigenerational-family-walking-with-dog-on-seash-W5HNNGZ-1024x682.jpg 1024w, https:\/\/integratedcare.mc3.sk\/wp-content\/uploads\/2021\/05\/multigenerational-family-walking-with-dog-on-seash-W5HNNGZ-768x512.jpg 768w, https:\/\/integratedcare.mc3.sk\/wp-content\/uploads\/2021\/05\/multigenerational-family-walking-with-dog-on-seash-W5HNNGZ-1536x1024.jpg 1536w\" sizes=\"(max-width: 2000px) 100vw, 2000px\" \/><\/a><\/figure><div class=\"elementor-image-box-content\"><h3 class=\"elementor-image-box-title\"><a href=\"https:\/\/integratedcare.mc3.sk\/index.php\/pripravit-sa\/integrovana-starostlivost\/\">Integrovan\u00e1 starostlivos\u0165<\/a><\/h3><p class=\"elementor-image-box-description\">Z\u00e1kladn\u00e9 koncepty <br>a princ\u00edpy <br>integrovanej starostlivosti<\/p><\/div><\/div>\t\t\t\t<\/div>\n\t\t\t\t<\/div>\n\t\t\t\t<div class=\"elementor-element elementor-element-936b278 elementor-view-default elementor-widget elementor-widget-icon\" data-id=\"936b278\" data-element_type=\"widget\" data-e-type=\"widget\" data-widget_type=\"icon.default\">\n\t\t\t\t<div class=\"elementor-widget-container\">\n\t\t\t\t\t\t\t<div class=\"elementor-icon-wrapper\">\n\t\t\t<a class=\"elementor-icon elementor-animation-pulse\" href=\"https:\/\/integratedcare.mc3.sk\/index.php\/pripravit-sa\/integrovana-starostlivost\/\">\n\t\t\t<i aria-hidden=\"true\" class=\"fas fa-arrow-alt-circle-right\"><\/i>\t\t\t<\/a>\n\t\t<\/div>\n\t\t\t\t\t\t<\/div>\n\t\t\t\t<\/div>\n\t\t\t\t<div class=\"elementor-element elementor-element-b2f1e8e elementor-widget elementor-widget-spacer\" data-id=\"b2f1e8e\" data-element_type=\"widget\" data-e-type=\"widget\" data-widget_type=\"spacer.default\">\n\t\t\t\t<div class=\"elementor-widget-container\">\n\t\t\t\t\t\t\t<div class=\"elementor-spacer\">\n\t\t\t<div class=\"elementor-spacer-inner\"><\/div>\n\t\t<\/div>\n\t\t\t\t\t\t<\/div>\n\t\t\t\t<\/div>\n\t\t\t\t\t<\/div>\n\t\t<\/div>\n\t\t\t\t<div class=\"elementor-column elementor-col-33 elementor-top-column elementor-element elementor-element-0f94c05 elementor-invisible\" data-id=\"0f94c05\" data-element_type=\"column\" data-e-type=\"column\" data-settings=\"{&quot;animation&quot;:&quot;fadeInUp&quot;,&quot;animation_delay&quot;:300}\">\n\t\t\t<div class=\"elementor-widget-wrap elementor-element-populated\">\n\t\t\t\t\t\t<div class=\"elementor-element elementor-element-1c2516f elementor-position-top elementor-widget elementor-widget-image-box\" data-id=\"1c2516f\" data-element_type=\"widget\" data-e-type=\"widget\" data-widget_type=\"image-box.default\">\n\t\t\t\t<div class=\"elementor-widget-container\">\n\t\t\t\t\t<div class=\"elementor-image-box-wrapper\"><figure class=\"elementor-image-box-img\"><a href=\"https:\/\/integratedcare.mc3.sk\/index.php\/pripravit-sa\/model-ccm\/\" tabindex=\"-1\"><img decoding=\"async\" width=\"2000\" height=\"1333\" src=\"https:\/\/integratedcare.mc3.sk\/wp-content\/uploads\/2021\/05\/live-together-V5YFK2P-web.jpg\" class=\"elementor-animation-float attachment-full size-full wp-image-1720\" alt=\"\" srcset=\"https:\/\/integratedcare.mc3.sk\/wp-content\/uploads\/2021\/05\/live-together-V5YFK2P-web.jpg 2000w, https:\/\/integratedcare.mc3.sk\/wp-content\/uploads\/2021\/05\/live-together-V5YFK2P-web-300x200.jpg 300w, https:\/\/integratedcare.mc3.sk\/wp-content\/uploads\/2021\/05\/live-together-V5YFK2P-web-1024x682.jpg 1024w, https:\/\/integratedcare.mc3.sk\/wp-content\/uploads\/2021\/05\/live-together-V5YFK2P-web-768x512.jpg 768w, https:\/\/integratedcare.mc3.sk\/wp-content\/uploads\/2021\/05\/live-together-V5YFK2P-web-1536x1024.jpg 1536w\" sizes=\"(max-width: 2000px) 100vw, 2000px\" \/><\/a><\/figure><div class=\"elementor-image-box-content\"><h3 class=\"elementor-image-box-title\"><a href=\"https:\/\/integratedcare.mc3.sk\/index.php\/pripravit-sa\/model-ccm\/\">Model CCM<\/a><\/h3><p class=\"elementor-image-box-description\">Efekt\u00edvny r\u00e1mec starostlivosti <br>o \u013eud\u00ed s chronick\u00fdmi chorobami<\/p><\/div><\/div>\t\t\t\t<\/div>\n\t\t\t\t<\/div>\n\t\t\t\t<div class=\"elementor-element elementor-element-138faed elementor-view-default elementor-widget elementor-widget-icon\" data-id=\"138faed\" data-element_type=\"widget\" data-e-type=\"widget\" data-widget_type=\"icon.default\">\n\t\t\t\t<div class=\"elementor-widget-container\">\n\t\t\t\t\t\t\t<div class=\"elementor-icon-wrapper\">\n\t\t\t<a class=\"elementor-icon elementor-animation-pulse\" href=\"https:\/\/integratedcare.mc3.sk\/index.php\/pripravit-sa\/model-ccm\/\">\n\t\t\t<i aria-hidden=\"true\" class=\"fas fa-arrow-alt-circle-right\"><\/i>\t\t\t<\/a>\n\t\t<\/div>\n\t\t\t\t\t\t<\/div>\n\t\t\t\t<\/div>\n\t\t\t\t<div class=\"elementor-element elementor-element-9c5ec49 elementor-widget elementor-widget-spacer\" data-id=\"9c5ec49\" data-element_type=\"widget\" data-e-type=\"widget\" data-widget_type=\"spacer.default\">\n\t\t\t\t<div class=\"elementor-widget-container\">\n\t\t\t\t\t\t\t<div class=\"elementor-spacer\">\n\t\t\t<div class=\"elementor-spacer-inner\"><\/div>\n\t\t<\/div>\n\t\t\t\t\t\t<\/div>\n\t\t\t\t<\/div>\n\t\t\t\t\t<\/div>\n\t\t<\/div>\n\t\t\t\t<div class=\"elementor-column elementor-col-33 elementor-top-column elementor-element elementor-element-f969fe1 elementor-invisible\" data-id=\"f969fe1\" data-element_type=\"column\" data-e-type=\"column\" data-settings=\"{&quot;animation&quot;:&quot;fadeInUp&quot;,&quot;animation_delay&quot;:600}\">\n\t\t\t<div class=\"elementor-widget-wrap elementor-element-populated\">\n\t\t\t\t\t\t<div class=\"elementor-element elementor-element-adb8c70 elementor-position-top elementor-widget elementor-widget-image-box\" data-id=\"adb8c70\" data-element_type=\"widget\" data-e-type=\"widget\" data-widget_type=\"image-box.default\">\n\t\t\t\t<div class=\"elementor-widget-container\">\n\t\t\t\t\t<div class=\"elementor-image-box-wrapper\"><figure class=\"elementor-image-box-img\"><a href=\"https:\/\/integratedcare.mc3.sk\/index.php\/pripravit-sa\/priklady-dobrej-praxe-z-inych-krajin\/\" tabindex=\"-1\"><img decoding=\"async\" width=\"2000\" height=\"1333\" src=\"https:\/\/integratedcare.mc3.sk\/wp-content\/uploads\/2021\/05\/woman-assisting-patient-in-wheelchair-P6NTSHQ-web.jpg\" class=\"elementor-animation-float attachment-full size-full wp-image-1724\" alt=\"\" srcset=\"https:\/\/integratedcare.mc3.sk\/wp-content\/uploads\/2021\/05\/woman-assisting-patient-in-wheelchair-P6NTSHQ-web.jpg 2000w, https:\/\/integratedcare.mc3.sk\/wp-content\/uploads\/2021\/05\/woman-assisting-patient-in-wheelchair-P6NTSHQ-web-300x200.jpg 300w, https:\/\/integratedcare.mc3.sk\/wp-content\/uploads\/2021\/05\/woman-assisting-patient-in-wheelchair-P6NTSHQ-web-1024x682.jpg 1024w, https:\/\/integratedcare.mc3.sk\/wp-content\/uploads\/2021\/05\/woman-assisting-patient-in-wheelchair-P6NTSHQ-web-768x512.jpg 768w, https:\/\/integratedcare.mc3.sk\/wp-content\/uploads\/2021\/05\/woman-assisting-patient-in-wheelchair-P6NTSHQ-web-1536x1024.jpg 1536w\" sizes=\"(max-width: 2000px) 100vw, 2000px\" \/><\/a><\/figure><div class=\"elementor-image-box-content\"><h3 class=\"elementor-image-box-title\"><a href=\"https:\/\/integratedcare.mc3.sk\/index.php\/pripravit-sa\/priklady-dobrej-praxe-z-inych-krajin\/\">Pr\u00edklady dobrej praxe<\/a><\/h3><p class=\"elementor-image-box-description\">In\u0161pirat\u00edvne pr\u00edklady <br>dobrej praxe <br>z in\u00fdch kraj\u00edn<\/p><\/div><\/div>\t\t\t\t<\/div>\n\t\t\t\t<\/div>\n\t\t\t\t<div class=\"elementor-element elementor-element-62fa8aa elementor-widget__width-auto elementor-absolute elementor-widget elementor-widget-image\" data-id=\"62fa8aa\" data-element_type=\"widget\" data-e-type=\"widget\" data-settings=\"{&quot;_position&quot;:&quot;absolute&quot;}\" data-widget_type=\"image.default\">\n\t\t\t\t<div class=\"elementor-widget-container\">\n\t\t\t\t\t\t\t\t\t\t\t\t\t\t\t<img loading=\"lazy\" decoding=\"async\" width=\"75\" height=\"75\" src=\"https:\/\/integratedcare.mc3.sk\/wp-content\/uploads\/2021\/04\/6.png\" class=\"attachment-full size-full wp-image-77\" alt=\"\" \/>\t\t\t\t\t\t\t\t\t\t\t\t\t\t\t<\/div>\n\t\t\t\t<\/div>\n\t\t\t\t<div class=\"elementor-element elementor-element-848f932 elementor-view-default elementor-widget elementor-widget-icon\" data-id=\"848f932\" data-element_type=\"widget\" data-e-type=\"widget\" data-widget_type=\"icon.default\">\n\t\t\t\t<div class=\"elementor-widget-container\">\n\t\t\t\t\t\t\t<div class=\"elementor-icon-wrapper\">\n\t\t\t<a class=\"elementor-icon elementor-animation-pulse\" href=\"https:\/\/integratedcare.mc3.sk\/index.php\/pozor\/priklady-dobrej-praxe-na-slovensku\/\">\n\t\t\t<i aria-hidden=\"true\" class=\"fas fa-arrow-alt-circle-right\"><\/i>\t\t\t<\/a>\n\t\t<\/div>\n\t\t\t\t\t\t<\/div>\n\t\t\t\t<\/div>\n\t\t\t\t<div class=\"elementor-element elementor-element-79cfa0d elementor-widget elementor-widget-spacer\" data-id=\"79cfa0d\" data-element_type=\"widget\" data-e-type=\"widget\" data-widget_type=\"spacer.default\">\n\t\t\t\t<div class=\"elementor-widget-container\">\n\t\t\t\t\t\t\t<div class=\"elementor-spacer\">\n\t\t\t<div class=\"elementor-spacer-inner\"><\/div>\n\t\t<\/div>\n\t\t\t\t\t\t<\/div>\n\t\t\t\t<\/div>\n\t\t\t\t\t<\/div>\n\t\t<\/div>\n\t\t\t\t\t<\/div>\n\t\t<\/section>\n\t\t\t\t<\/div>\n\t\t","protected":false},"excerpt":{"rendered":"<p>PRIPRAVI\u0164 SA Poskytuje preh\u013ead z\u00e1kladn\u00fdch poznatkov t\u00fdkaj\u00facich sa integrovanej starostlivosti.\u00a0Vysvet\u013euje v\u00fdchodiskov\u00fd teoretick\u00fd model, na ktorom je zalo\u017een\u00e1 integrovan\u00e1 starostlivos\u0165.\u00a0Popisuje hlavn\u00e9 ciele a princ\u00edpy integrovanej starostlivosti.\u00a0Prin\u00e1\u0161a \u0161irok\u00e9 spektrum pr\u00edkladov dobrej praxe z in\u00fdch kraj\u00edn. Integrovan\u00e1 starostlivos\u0165 Z\u00e1kladn\u00e9 koncepty a princ\u00edpy integrovanej starostlivosti Model CCM Efekt\u00edvny r\u00e1mec starostlivosti o \u013eud\u00ed s chronick\u00fdmi chorobami Pr\u00edklady dobrej praxe In\u0161pirat\u00edvne [&hellip;]<\/p>\n","protected":false},"author":1,"featured_media":0,"parent":0,"menu_order":2,"comment_status":"closed","ping_status":"closed","template":"elementor_header_footer","meta":{"footnotes":""},"class_list":["post-13","page","type-page","status-publish","hentry"],"_links":{"self":[{"href":"https:\/\/integratedcare.mc3.sk\/index.php\/wp-json\/wp\/v2\/pages\/13","targetHints":{"allow":["GET"]}}],"collection":[{"href":"https:\/\/integratedcare.mc3.sk\/index.php\/wp-json\/wp\/v2\/pages"}],"about":[{"href":"https:\/\/integratedcare.mc3.sk\/index.php\/wp-json\/wp\/v2\/types\/page"}],"author":[{"embeddable":true,"href":"https:\/\/integratedcare.mc3.sk\/index.php\/wp-json\/wp\/v2\/users\/1"}],"replies":[{"embeddable":true,"href":"https:\/\/integratedcare.mc3.sk\/index.php\/wp-json\/wp\/v2\/comments?post=13"}],"version-history":[{"count":323,"href":"https:\/\/integratedcare.mc3.sk\/index.php\/wp-json\/wp\/v2\/pages\/13\/revisions"}],"predecessor-version":[{"id":2557,"href":"https:\/\/integratedcare.mc3.sk\/index.php\/wp-json\/wp\/v2\/pages\/13\/revisions\/2557"}],"wp:attachment":[{"href":"https:\/\/integratedcare.mc3.sk\/index.php\/wp-json\/wp\/v2\/media?parent=13"}],"curies":[{"name":"wp","href":"https:\/\/api.w.org\/{rel}","templated":true}]}}