{"id":17,"date":"2021-04-21T02:07:30","date_gmt":"2021-04-21T00:07:30","guid":{"rendered":"https:\/\/integratedcare.mc3.sk\/?page_id=17"},"modified":"2021-07-21T12:30:03","modified_gmt":"2021-07-21T10:30:03","slug":"start","status":"publish","type":"page","link":"https:\/\/integratedcare.mc3.sk\/index.php\/start\/","title":{"rendered":"\u0160TART"},"content":{"rendered":"\t\t<div data-elementor-type=\"wp-page\" data-elementor-id=\"17\" class=\"elementor elementor-17\" data-elementor-post-type=\"page\">\n\t\t\t\t\t\t<section class=\"elementor-section elementor-top-section elementor-element elementor-element-f616ff6 elementor-reverse-mobile elementor-section-height-min-height elementor-section-boxed elementor-section-height-default elementor-section-items-middle\" data-id=\"f616ff6\" data-element_type=\"section\" data-e-type=\"section\" data-settings=\"{&quot;background_background&quot;:&quot;classic&quot;}\">\n\t\t\t\t\t\t\t<div class=\"elementor-background-overlay\"><\/div>\n\t\t\t\t\t\t\t<div class=\"elementor-container elementor-column-gap-default\">\n\t\t\t\t\t<div class=\"elementor-column elementor-col-100 elementor-top-column elementor-element elementor-element-6dbdb64\" data-id=\"6dbdb64\" data-element_type=\"column\" data-e-type=\"column\">\n\t\t\t<div class=\"elementor-widget-wrap elementor-element-populated\">\n\t\t\t\t\t\t<div class=\"elementor-element elementor-element-9e8c3a5 elementor-view-framed elementor-shape-circle elementor-widget elementor-widget-icon\" data-id=\"9e8c3a5\" data-element_type=\"widget\" data-e-type=\"widget\" data-widget_type=\"icon.default\">\n\t\t\t\t<div class=\"elementor-widget-container\">\n\t\t\t\t\t\t\t<div class=\"elementor-icon-wrapper\">\n\t\t\t<a class=\"elementor-icon elementor-animation-pulse\" href=\"#start\">\n\t\t\t<i aria-hidden=\"true\" class=\"fas fa-stopwatch\"><\/i>\t\t\t<\/a>\n\t\t<\/div>\n\t\t\t\t\t\t<\/div>\n\t\t\t\t<\/div>\n\t\t\t\t<div class=\"elementor-element elementor-element-e8891cf elementor-widget elementor-widget-heading\" data-id=\"e8891cf\" data-element_type=\"widget\" data-e-type=\"widget\" data-widget_type=\"heading.default\">\n\t\t\t\t<div class=\"elementor-widget-container\">\n\t\t\t\t\t<h2 class=\"elementor-heading-title elementor-size-default\">\u0160TART<\/h2>\t\t\t\t<\/div>\n\t\t\t\t<\/div>\n\t\t\t\t<div class=\"elementor-element elementor-element-2fecfa3 elementor-widget elementor-widget-text-editor\" data-id=\"2fecfa3\" data-element_type=\"widget\" data-e-type=\"widget\" data-widget_type=\"text-editor.default\">\n\t\t\t\t<div class=\"elementor-widget-container\">\n\t\t\t\t\t\t\t\t\t<p><b>Zv\u00fd\u0161enie porozumenia a lok\u00e1lnej pripravenosti <\/b>na zistenie potrieb a prior\u00edt pri prij\u00edman\u00ed a roz\u0161irovan\u00ed integrovanej starostlivosti pou\u017eit\u00edm online hodnotiaceho n\u00e1stroja SCIROCCO Exchange.<br \/><br \/><b>Zlep\u0161enie pr\u00edstupu <\/b>k dostupn\u00fdm poznatkom o integrovanej starostlivosti.<br \/><br \/><b>Spolutvorbu personalizovanej podpory <\/b>pre t\u00fdch, ktor\u00ed h\u013eadaj\u00fa pomoc pri pr\u00edprave podmienok pre zmenu alebo zlep\u0161enie existuj\u00facich n\u00e1vrhov syst\u00e9mov integrovanej starostlivosti, prostredn\u00edctvom individualizovan\u00e9ho transferu poznatkov.<br \/><br \/><b>Vyu\u017eitie v\u00fdsledkov transferu poznatkov a budovania kapac\u00edt<\/b> pre spolutvorbu pl\u00e1nov zlep\u0161ovania, ktor\u00e9 s\u00fa prisp\u00f4soben\u00e9 lok\u00e1lnemu kontextu, \u00farovni zrelosti a a\u0161pir\u00e1ci\u00e1m eur\u00f3pskych regi\u00f3nov a organiz\u00e1ci\u00ed.<\/p>\t\t\t\t\t\t\t\t<\/div>\n\t\t\t\t<\/div>\n\t\t\t\t<div class=\"elementor-element elementor-element-42be87f elementor-widget elementor-widget-menu-anchor\" data-id=\"42be87f\" data-element_type=\"widget\" data-e-type=\"widget\" data-widget_type=\"menu-anchor.default\">\n\t\t\t\t<div class=\"elementor-widget-container\">\n\t\t\t\t\t\t\t<div class=\"elementor-menu-anchor\" id=\"start\"><\/div>\n\t\t\t\t\t\t<\/div>\n\t\t\t\t<\/div>\n\t\t\t\t\t<\/div>\n\t\t<\/div>\n\t\t\t\t\t<\/div>\n\t\t<\/section>\n\t\t\t\t<section class=\"elementor-section elementor-top-section elementor-element elementor-element-f90c5c5 elementor-section-boxed elementor-section-height-default elementor-section-height-default\" data-id=\"f90c5c5\" data-element_type=\"section\" data-e-type=\"section\" data-settings=\"{&quot;background_background&quot;:&quot;classic&quot;}\">\n\t\t\t\t\t\t<div class=\"elementor-container elementor-column-gap-extended\">\n\t\t\t\t\t<div class=\"elementor-column elementor-col-33 elementor-top-column elementor-element elementor-element-1169e89 elementor-invisible\" data-id=\"1169e89\" data-element_type=\"column\" data-e-type=\"column\" data-settings=\"{&quot;animation&quot;:&quot;fadeInUp&quot;}\">\n\t\t\t<div class=\"elementor-widget-wrap elementor-element-populated\">\n\t\t\t\t\t\t<div class=\"elementor-element elementor-element-46e4e2d elementor-position-top elementor-widget elementor-widget-image-box\" data-id=\"46e4e2d\" data-element_type=\"widget\" data-e-type=\"widget\" data-widget_type=\"image-box.default\">\n\t\t\t\t<div class=\"elementor-widget-container\">\n\t\t\t\t\t<div class=\"elementor-image-box-wrapper\"><figure class=\"elementor-image-box-img\"><a href=\"https:\/\/integratedcare.mc3.sk\/index.php\/start\/nastroje\/\" tabindex=\"-1\"><img fetchpriority=\"high\" decoding=\"async\" width=\"2000\" height=\"1325\" src=\"https:\/\/integratedcare.mc3.sk\/wp-content\/uploads\/2021\/05\/people-AF6GCE5-web.jpg\" class=\"elementor-animation-float attachment-full size-full wp-image-1947\" alt=\"\" srcset=\"https:\/\/integratedcare.mc3.sk\/wp-content\/uploads\/2021\/05\/people-AF6GCE5-web.jpg 2000w, https:\/\/integratedcare.mc3.sk\/wp-content\/uploads\/2021\/05\/people-AF6GCE5-web-300x199.jpg 300w, https:\/\/integratedcare.mc3.sk\/wp-content\/uploads\/2021\/05\/people-AF6GCE5-web-1024x678.jpg 1024w, https:\/\/integratedcare.mc3.sk\/wp-content\/uploads\/2021\/05\/people-AF6GCE5-web-768x509.jpg 768w, https:\/\/integratedcare.mc3.sk\/wp-content\/uploads\/2021\/05\/people-AF6GCE5-web-1536x1018.jpg 1536w\" sizes=\"(max-width: 2000px) 100vw, 2000px\" \/><\/a><\/figure><div class=\"elementor-image-box-content\"><h3 class=\"elementor-image-box-title\"><a href=\"https:\/\/integratedcare.mc3.sk\/index.php\/start\/nastroje\/\">N\u00e1stroje<\/a><\/h3><p class=\"elementor-image-box-description\">N\u00e1stroje pre zefekt\u00edvnenie implement\u00e1cie integrovanej starostlivosti<\/p><\/div><\/div>\t\t\t\t<\/div>\n\t\t\t\t<\/div>\n\t\t\t\t<div class=\"elementor-element elementor-element-65714f1 elementor-view-default elementor-widget elementor-widget-icon\" data-id=\"65714f1\" data-element_type=\"widget\" data-e-type=\"widget\" data-widget_type=\"icon.default\">\n\t\t\t\t<div class=\"elementor-widget-container\">\n\t\t\t\t\t\t\t<div class=\"elementor-icon-wrapper\">\n\t\t\t<a class=\"elementor-icon elementor-animation-pulse\" href=\"https:\/\/integratedcare.mc3.sk\/index.php\/start\/nastroje\/\">\n\t\t\t<i aria-hidden=\"true\" class=\"fas fa-arrow-alt-circle-right\"><\/i>\t\t\t<\/a>\n\t\t<\/div>\n\t\t\t\t\t\t<\/div>\n\t\t\t\t<\/div>\n\t\t\t\t<div class=\"elementor-element elementor-element-6cc2255 elementor-widget elementor-widget-spacer\" data-id=\"6cc2255\" data-element_type=\"widget\" data-e-type=\"widget\" data-widget_type=\"spacer.default\">\n\t\t\t\t<div class=\"elementor-widget-container\">\n\t\t\t\t\t\t\t<div class=\"elementor-spacer\">\n\t\t\t<div class=\"elementor-spacer-inner\"><\/div>\n\t\t<\/div>\n\t\t\t\t\t\t<\/div>\n\t\t\t\t<\/div>\n\t\t\t\t\t<\/div>\n\t\t<\/div>\n\t\t\t\t<div class=\"elementor-column elementor-col-33 elementor-top-column elementor-element elementor-element-723ded0 elementor-invisible\" data-id=\"723ded0\" data-element_type=\"column\" data-e-type=\"column\" data-settings=\"{&quot;animation&quot;:&quot;fadeInUp&quot;,&quot;animation_delay&quot;:300}\">\n\t\t\t<div class=\"elementor-widget-wrap elementor-element-populated\">\n\t\t\t\t\t\t<div class=\"elementor-element elementor-element-40de0dc elementor-position-top elementor-widget elementor-widget-image-box\" data-id=\"40de0dc\" data-element_type=\"widget\" data-e-type=\"widget\" data-widget_type=\"image-box.default\">\n\t\t\t\t<div class=\"elementor-widget-container\">\n\t\t\t\t\t<div class=\"elementor-image-box-wrapper\"><figure class=\"elementor-image-box-img\"><a href=\"https:\/\/integratedcare.mc3.sk\/index.php\/start\/pouzitie-na-slovensku\/\" tabindex=\"-1\"><img decoding=\"async\" width=\"2000\" height=\"1333\" src=\"https:\/\/integratedcare.mc3.sk\/wp-content\/uploads\/2021\/05\/caregiver-or-healthcare-worker-with-senior-woman-p-8DZGSMB-web.jpg\" class=\"elementor-animation-float attachment-full size-full wp-image-1757\" alt=\"\" srcset=\"https:\/\/integratedcare.mc3.sk\/wp-content\/uploads\/2021\/05\/caregiver-or-healthcare-worker-with-senior-woman-p-8DZGSMB-web.jpg 2000w, https:\/\/integratedcare.mc3.sk\/wp-content\/uploads\/2021\/05\/caregiver-or-healthcare-worker-with-senior-woman-p-8DZGSMB-web-300x200.jpg 300w, https:\/\/integratedcare.mc3.sk\/wp-content\/uploads\/2021\/05\/caregiver-or-healthcare-worker-with-senior-woman-p-8DZGSMB-web-1024x682.jpg 1024w, https:\/\/integratedcare.mc3.sk\/wp-content\/uploads\/2021\/05\/caregiver-or-healthcare-worker-with-senior-woman-p-8DZGSMB-web-768x512.jpg 768w, https:\/\/integratedcare.mc3.sk\/wp-content\/uploads\/2021\/05\/caregiver-or-healthcare-worker-with-senior-woman-p-8DZGSMB-web-1536x1024.jpg 1536w\" sizes=\"(max-width: 2000px) 100vw, 2000px\" \/><\/a><\/figure><div class=\"elementor-image-box-content\"><h3 class=\"elementor-image-box-title\"><a href=\"https:\/\/integratedcare.mc3.sk\/index.php\/start\/pouzitie-na-slovensku\/\">Pou\u017eitie na Slovensku<\/a><\/h3><p class=\"elementor-image-box-description\">Pou\u017eitie n\u00e1strojov pre implement\u00e1ciu integrovanej starostlivosti na Slovensku<\/p><\/div><\/div>\t\t\t\t<\/div>\n\t\t\t\t<\/div>\n\t\t\t\t<div class=\"elementor-element elementor-element-8bd9601 elementor-view-default elementor-widget elementor-widget-icon\" data-id=\"8bd9601\" data-element_type=\"widget\" data-e-type=\"widget\" data-widget_type=\"icon.default\">\n\t\t\t\t<div class=\"elementor-widget-container\">\n\t\t\t\t\t\t\t<div class=\"elementor-icon-wrapper\">\n\t\t\t<a class=\"elementor-icon elementor-animation-pulse\" href=\"https:\/\/integratedcare.mc3.sk\/index.php\/start\/pouzitie-na-slovensku\/\">\n\t\t\t<i aria-hidden=\"true\" class=\"fas fa-arrow-alt-circle-right\"><\/i>\t\t\t<\/a>\n\t\t<\/div>\n\t\t\t\t\t\t<\/div>\n\t\t\t\t<\/div>\n\t\t\t\t<div class=\"elementor-element elementor-element-d1cb58b elementor-widget elementor-widget-spacer\" data-id=\"d1cb58b\" data-element_type=\"widget\" data-e-type=\"widget\" data-widget_type=\"spacer.default\">\n\t\t\t\t<div class=\"elementor-widget-container\">\n\t\t\t\t\t\t\t<div class=\"elementor-spacer\">\n\t\t\t<div class=\"elementor-spacer-inner\"><\/div>\n\t\t<\/div>\n\t\t\t\t\t\t<\/div>\n\t\t\t\t<\/div>\n\t\t\t\t\t<\/div>\n\t\t<\/div>\n\t\t\t\t<div class=\"elementor-column elementor-col-33 elementor-top-column elementor-element elementor-element-fc7d81a elementor-invisible\" data-id=\"fc7d81a\" data-element_type=\"column\" data-e-type=\"column\" data-settings=\"{&quot;animation&quot;:&quot;fadeInUp&quot;,&quot;animation_delay&quot;:600}\">\n\t\t\t<div class=\"elementor-widget-wrap elementor-element-populated\">\n\t\t\t\t\t\t<div class=\"elementor-element elementor-element-ebb79e9 elementor-position-top elementor-widget elementor-widget-image-box\" data-id=\"ebb79e9\" data-element_type=\"widget\" data-e-type=\"widget\" data-widget_type=\"image-box.default\">\n\t\t\t\t<div class=\"elementor-widget-container\">\n\t\t\t\t\t<div class=\"elementor-image-box-wrapper\"><figure class=\"elementor-image-box-img\"><a href=\"https:\/\/integratedcare.mc3.sk\/index.php\/start\/implementacia\/\" tabindex=\"-1\"><img decoding=\"async\" width=\"2000\" height=\"1335\" src=\"https:\/\/integratedcare.mc3.sk\/wp-content\/uploads\/2021\/05\/comforting-senior-patient-Z69M2HT-web.jpg\" class=\"elementor-animation-float attachment-full size-full wp-image-1916\" alt=\"\" srcset=\"https:\/\/integratedcare.mc3.sk\/wp-content\/uploads\/2021\/05\/comforting-senior-patient-Z69M2HT-web.jpg 2000w, https:\/\/integratedcare.mc3.sk\/wp-content\/uploads\/2021\/05\/comforting-senior-patient-Z69M2HT-web-300x200.jpg 300w, https:\/\/integratedcare.mc3.sk\/wp-content\/uploads\/2021\/05\/comforting-senior-patient-Z69M2HT-web-1024x684.jpg 1024w, https:\/\/integratedcare.mc3.sk\/wp-content\/uploads\/2021\/05\/comforting-senior-patient-Z69M2HT-web-768x513.jpg 768w, https:\/\/integratedcare.mc3.sk\/wp-content\/uploads\/2021\/05\/comforting-senior-patient-Z69M2HT-web-1536x1025.jpg 1536w\" sizes=\"(max-width: 2000px) 100vw, 2000px\" \/><\/a><\/figure><div class=\"elementor-image-box-content\"><h3 class=\"elementor-image-box-title\"><a href=\"https:\/\/integratedcare.mc3.sk\/index.php\/start\/implementacia\/\">Implement\u00e1cia<\/a><\/h3><p class=\"elementor-image-box-description\">Projekty a\u00a0k\u013e\u00fa\u010dov\u00ed akt\u00e9ri v\u00a0oblasti integrovanej starostlivosti na Slovensku<\/p><\/div><\/div>\t\t\t\t<\/div>\n\t\t\t\t<\/div>\n\t\t\t\t<div class=\"elementor-element elementor-element-5780294 elementor-view-default elementor-widget elementor-widget-icon\" data-id=\"5780294\" data-element_type=\"widget\" data-e-type=\"widget\" data-widget_type=\"icon.default\">\n\t\t\t\t<div class=\"elementor-widget-container\">\n\t\t\t\t\t\t\t<div class=\"elementor-icon-wrapper\">\n\t\t\t<a class=\"elementor-icon elementor-animation-pulse\" href=\"https:\/\/integratedcare.mc3.sk\/index.php\/start\/implementacia\/\">\n\t\t\t<i aria-hidden=\"true\" class=\"fas fa-arrow-alt-circle-right\"><\/i>\t\t\t<\/a>\n\t\t<\/div>\n\t\t\t\t\t\t<\/div>\n\t\t\t\t<\/div>\n\t\t\t\t<div class=\"elementor-element elementor-element-6cb0abb elementor-widget elementor-widget-spacer\" data-id=\"6cb0abb\" data-element_type=\"widget\" data-e-type=\"widget\" data-widget_type=\"spacer.default\">\n\t\t\t\t<div class=\"elementor-widget-container\">\n\t\t\t\t\t\t\t<div class=\"elementor-spacer\">\n\t\t\t<div class=\"elementor-spacer-inner\"><\/div>\n\t\t<\/div>\n\t\t\t\t\t\t<\/div>\n\t\t\t\t<\/div>\n\t\t\t\t\t<\/div>\n\t\t<\/div>\n\t\t\t\t\t<\/div>\n\t\t<\/section>\n\t\t\t\t<\/div>\n\t\t","protected":false},"excerpt":{"rendered":"<p>\u0160TART Zv\u00fd\u0161enie porozumenia a lok\u00e1lnej pripravenosti na zistenie potrieb a prior\u00edt pri prij\u00edman\u00ed a roz\u0161irovan\u00ed integrovanej starostlivosti pou\u017eit\u00edm online hodnotiaceho n\u00e1stroja SCIROCCO Exchange. Zlep\u0161enie pr\u00edstupu k dostupn\u00fdm poznatkom o integrovanej starostlivosti. Spolutvorbu personalizovanej podpory pre t\u00fdch, ktor\u00ed h\u013eadaj\u00fa pomoc pri pr\u00edprave podmienok pre zmenu alebo zlep\u0161enie existuj\u00facich n\u00e1vrhov syst\u00e9mov integrovanej starostlivosti, prostredn\u00edctvom individualizovan\u00e9ho transferu poznatkov. [&hellip;]<\/p>\n","protected":false},"author":1,"featured_media":0,"parent":0,"menu_order":4,"comment_status":"closed","ping_status":"closed","template":"elementor_header_footer","meta":{"footnotes":""},"class_list":["post-17","page","type-page","status-publish","hentry"],"_links":{"self":[{"href":"https:\/\/integratedcare.mc3.sk\/index.php\/wp-json\/wp\/v2\/pages\/17","targetHints":{"allow":["GET"]}}],"collection":[{"href":"https:\/\/integratedcare.mc3.sk\/index.php\/wp-json\/wp\/v2\/pages"}],"about":[{"href":"https:\/\/integratedcare.mc3.sk\/index.php\/wp-json\/wp\/v2\/types\/page"}],"author":[{"embeddable":true,"href":"https:\/\/integratedcare.mc3.sk\/index.php\/wp-json\/wp\/v2\/users\/1"}],"replies":[{"embeddable":true,"href":"https:\/\/integratedcare.mc3.sk\/index.php\/wp-json\/wp\/v2\/comments?post=17"}],"version-history":[{"count":116,"href":"https:\/\/integratedcare.mc3.sk\/index.php\/wp-json\/wp\/v2\/pages\/17\/revisions"}],"predecessor-version":[{"id":2549,"href":"https:\/\/integratedcare.mc3.sk\/index.php\/wp-json\/wp\/v2\/pages\/17\/revisions\/2549"}],"wp:attachment":[{"href":"https:\/\/integratedcare.mc3.sk\/index.php\/wp-json\/wp\/v2\/media?parent=17"}],"curies":[{"name":"wp","href":"https:\/\/api.w.org\/{rel}","templated":true}]}}