{"id":351,"date":"2021-04-21T05:21:01","date_gmt":"2021-04-21T03:21:01","guid":{"rendered":"https:\/\/integratedcare.mc3.sk\/?page_id=351"},"modified":"2021-07-15T10:12:57","modified_gmt":"2021-07-15T08:12:57","slug":"domov","status":"publish","type":"page","link":"https:\/\/integratedcare.mc3.sk\/","title":{"rendered":"DOMOV"},"content":{"rendered":"\t\t<div data-elementor-type=\"wp-page\" data-elementor-id=\"351\" class=\"elementor elementor-351\" data-elementor-post-type=\"page\">\n\t\t\t\t\t\t<section class=\"elementor-section elementor-top-section elementor-element elementor-element-7912cda3 elementor-section-stretched elementor-section-boxed elementor-section-height-default elementor-section-height-default elementor-invisible\" data-id=\"7912cda3\" data-element_type=\"section\" data-e-type=\"section\" data-settings=\"{&quot;stretch_section&quot;:&quot;section-stretched&quot;,&quot;background_background&quot;:&quot;slideshow&quot;,&quot;background_slideshow_gallery&quot;:[{&quot;id&quot;:1966,&quot;url&quot;:&quot;https:\\\/\\\/integratedcare.mc3.sk\\\/wp-content\\\/uploads\\\/2021\\\/05\\\/senior-grandparents-playing-with-grandchildren-and-LJ6V99K-web.jpg&quot;},{&quot;id&quot;:1711,&quot;url&quot;:&quot;https:\\\/\\\/integratedcare.mc3.sk\\\/wp-content\\\/uploads\\\/2021\\\/05\\\/group-of-medical-doctors-5XCZF7N-web.jpg&quot;}],&quot;animation&quot;:&quot;fadeIn&quot;,&quot;background_slideshow_loop&quot;:&quot;yes&quot;,&quot;background_slideshow_slide_duration&quot;:5000,&quot;background_slideshow_slide_transition&quot;:&quot;fade&quot;,&quot;background_slideshow_transition_duration&quot;:500}\">\n\t\t\t\t\t\t\t<div class=\"elementor-background-overlay\"><\/div>\n\t\t\t\t\t\t\t<div class=\"elementor-container elementor-column-gap-default\">\n\t\t\t\t\t<div class=\"elementor-column elementor-col-100 elementor-top-column elementor-element elementor-element-70476b3d\" data-id=\"70476b3d\" data-element_type=\"column\" data-e-type=\"column\">\n\t\t\t<div class=\"elementor-widget-wrap elementor-element-populated\">\n\t\t\t\t\t\t<section class=\"elementor-section elementor-inner-section elementor-element elementor-element-4c36115 elementor-section-boxed elementor-section-height-default elementor-section-height-default\" data-id=\"4c36115\" data-element_type=\"section\" data-e-type=\"section\">\n\t\t\t\t\t\t<div class=\"elementor-container elementor-column-gap-default\">\n\t\t\t\t\t<div class=\"elementor-column elementor-col-50 elementor-inner-column elementor-element elementor-element-0a85129\" data-id=\"0a85129\" data-element_type=\"column\" data-e-type=\"column\">\n\t\t\t<div class=\"elementor-widget-wrap elementor-element-populated\">\n\t\t\t\t\t\t<div class=\"elementor-element elementor-element-18f6820e elementor-widget elementor-widget-heading\" data-id=\"18f6820e\" data-element_type=\"widget\" data-e-type=\"widget\" data-widget_type=\"heading.default\">\n\t\t\t\t<div class=\"elementor-widget-container\">\n\t\t\t\t\t<h2 class=\"elementor-heading-title elementor-size-default\">ONLINE PLATFORMA<\/h2>\t\t\t\t<\/div>\n\t\t\t\t<\/div>\n\t\t\t\t<div class=\"elementor-element elementor-element-475b956 elementor-widget elementor-widget-heading\" data-id=\"475b956\" data-element_type=\"widget\" data-e-type=\"widget\" data-widget_type=\"heading.default\">\n\t\t\t\t<div class=\"elementor-widget-container\">\n\t\t\t\t\t<h2 class=\"elementor-heading-title elementor-size-default\">Integrovan\u00e1 starostlivos\u0165 <\/h2>\t\t\t\t<\/div>\n\t\t\t\t<\/div>\n\t\t\t\t<div class=\"elementor-element elementor-element-2a0b4d7 elementor-widget elementor-widget-heading\" data-id=\"2a0b4d7\" data-element_type=\"widget\" data-e-type=\"widget\" data-widget_type=\"heading.default\">\n\t\t\t\t<div class=\"elementor-widget-container\">\n\t\t\t\t\t<h2 class=\"elementor-heading-title elementor-size-default\"> <br>na Slovensku<\/h2>\t\t\t\t<\/div>\n\t\t\t\t<\/div>\n\t\t\t\t<div class=\"elementor-element elementor-element-5ee4a52 elementor-hidden-tablet elementor-hidden-phone elementor-widget elementor-widget-heading\" data-id=\"5ee4a52\" data-element_type=\"widget\" data-e-type=\"widget\" data-widget_type=\"heading.default\">\n\t\t\t\t<div class=\"elementor-widget-container\">\n\t\t\t\t\t<h2 class=\"elementor-heading-title elementor-size-default\">Vitajte na str\u00e1nke <br>Integrovan\u00e1 starostlivos\u0165 <br>na Slovensku<\/h2>\t\t\t\t<\/div>\n\t\t\t\t<\/div>\n\t\t\t\t<div class=\"elementor-element elementor-element-1712556 elementor-hidden-desktop elementor-widget elementor-widget-heading\" data-id=\"1712556\" data-element_type=\"widget\" data-e-type=\"widget\" data-widget_type=\"heading.default\">\n\t\t\t\t<div class=\"elementor-widget-container\">\n\t\t\t\t\t<h2 class=\"elementor-heading-title elementor-size-default\">Vitajte na str\u00e1nke Integrovan\u00e1 starostlivos\u0165 na Slovensku<\/h2>\t\t\t\t<\/div>\n\t\t\t\t<\/div>\n\t\t\t\t\t<\/div>\n\t\t<\/div>\n\t\t\t\t<div class=\"elementor-column elementor-col-50 elementor-inner-column elementor-element elementor-element-0f19cc0\" data-id=\"0f19cc0\" data-element_type=\"column\" data-e-type=\"column\">\n\t\t\t<div class=\"elementor-widget-wrap elementor-element-populated\">\n\t\t\t\t\t\t<div class=\"elementor-element elementor-element-1e1ee3e7 elementor-widget elementor-widget-text-editor\" data-id=\"1e1ee3e7\" data-element_type=\"widget\" data-e-type=\"widget\" data-widget_type=\"text-editor.default\">\n\t\t\t\t<div class=\"elementor-widget-container\">\n\t\t\t\t\t\t\t\t\t<p><b>Cie\u013eom<\/b><span style=\"font-weight: 400;\"> platformy je poskytn\u00fa\u0165 preh\u013ead o s\u00fa\u010dasnom stave, posilni\u0165 kompetencie a vedomosti v oblasti integrovanej starostlivosti, podpori\u0165 multidisciplin\u00e1rnu spolupr\u00e1cu, stimulova\u0165 budovanie siete profesion\u00e1lnych kontaktov v soci\u00e1lnych slu\u017eb\u00e1ch a zdravotn\u00edctve na n\u00e1rodnej, region\u00e1lnej a lok\u00e1lnej \u00farovni.<\/span><\/p>\t\t\t\t\t\t\t\t<\/div>\n\t\t\t\t<\/div>\n\t\t\t\t<div class=\"elementor-element elementor-element-c9120a1 elementor-widget-divider--view-line elementor-widget elementor-widget-divider\" data-id=\"c9120a1\" data-element_type=\"widget\" data-e-type=\"widget\" data-widget_type=\"divider.default\">\n\t\t\t\t<div class=\"elementor-widget-container\">\n\t\t\t\t\t\t\t<div class=\"elementor-divider\">\n\t\t\t<span class=\"elementor-divider-separator\">\n\t\t\t\t\t\t<\/span>\n\t\t<\/div>\n\t\t\t\t\t\t<\/div>\n\t\t\t\t<\/div>\n\t\t\t\t<div class=\"elementor-element elementor-element-0377c34 elementor-widget elementor-widget-text-editor\" data-id=\"0377c34\" data-element_type=\"widget\" data-e-type=\"widget\" data-widget_type=\"text-editor.default\">\n\t\t\t\t<div class=\"elementor-widget-container\">\n\t\t\t\t\t\t\t\t\t<p><span style=\"font-weight: 400;\">Viac inform\u00e1ci\u00ed o\u00a0d\u00f4vode vzniku online platformy n\u00e1jdete v \u010dasti\u00a0<\/span><span style=\"color: #99cc00;\"><strong><a style=\"color: #99cc00;\" href=\"https:\/\/integratedcare.mc3.sk\/index.php\/platforma\/\">\u00daVOD<\/a><\/strong><\/span><\/p>\t\t\t\t\t\t\t\t<\/div>\n\t\t\t\t<\/div>\n\t\t\t\t<div class=\"elementor-element elementor-element-066ddca elementor-widget-divider--view-line elementor-widget elementor-widget-divider\" data-id=\"066ddca\" data-element_type=\"widget\" data-e-type=\"widget\" data-widget_type=\"divider.default\">\n\t\t\t\t<div class=\"elementor-widget-container\">\n\t\t\t\t\t\t\t<div class=\"elementor-divider\">\n\t\t\t<span class=\"elementor-divider-separator\">\n\t\t\t\t\t\t<\/span>\n\t\t<\/div>\n\t\t\t\t\t\t<\/div>\n\t\t\t\t<\/div>\n\t\t\t\t<div class=\"elementor-element elementor-element-f7c91ee elementor-widget elementor-widget-text-editor\" data-id=\"f7c91ee\" data-element_type=\"widget\" data-e-type=\"widget\" data-widget_type=\"text-editor.default\">\n\t\t\t\t<div class=\"elementor-widget-container\">\n\t\t\t\t\t\t\t\t\t<p><span style=\"font-weight: 400;\">Pri prezeran\u00ed materi\u00e1lov odpor\u00fa\u010dame za\u010da\u0165 so sekciou <strong>PRIPRAVI\u0164 SA<\/strong>, n\u00e1sledne prejs\u0165 k sekcii <strong>POZOR<\/strong> a\u00a0na z\u00e1ver k sekcii\u00a0<strong>\u0160TART<\/strong>. Poradie dostupn\u00fdch materi\u00e1lov si m\u00f4\u017eete zvoli\u0165 aj individu\u00e1lne, na z\u00e1klade Va\u0161ich preferenci\u00ed.\u00a0<\/span><\/p><p><b>Zvo\u013ete sekciu, ktor\u00fa si chcete prezera\u0165 ako prv\u00fa<\/b><span style=\"font-weight: 400;\">.\u00a0<\/span><\/p>\t\t\t\t\t\t\t\t<\/div>\n\t\t\t\t<\/div>\n\t\t\t\t\t<\/div>\n\t\t<\/div>\n\t\t\t\t\t<\/div>\n\t\t<\/section>\n\t\t\t\t\t<\/div>\n\t\t<\/div>\n\t\t\t\t\t<\/div>\n\t\t<\/section>\n\t\t\t\t<section class=\"elementor-section elementor-top-section elementor-element elementor-element-e4f087e elementor-section-boxed elementor-section-height-default elementor-section-height-default\" data-id=\"e4f087e\" data-element_type=\"section\" data-e-type=\"section\" data-settings=\"{&quot;background_background&quot;:&quot;classic&quot;}\">\n\t\t\t\t\t\t<div class=\"elementor-container elementor-column-gap-default\">\n\t\t\t\t\t<div class=\"elementor-column elementor-col-100 elementor-top-column elementor-element elementor-element-dc18630\" data-id=\"dc18630\" data-element_type=\"column\" data-e-type=\"column\">\n\t\t\t<div class=\"elementor-widget-wrap elementor-element-populated\">\n\t\t\t\t\t\t<div class=\"elementor-element elementor-element-22987ff elementor-widget__width-auto elementor-absolute elementor-widget elementor-widget-image\" data-id=\"22987ff\" data-element_type=\"widget\" data-e-type=\"widget\" data-settings=\"{&quot;_position&quot;:&quot;absolute&quot;}\" data-widget_type=\"image.default\">\n\t\t\t\t<div class=\"elementor-widget-container\">\n\t\t\t\t\t\t\t\t\t\t\t\t\t\t\t<img decoding=\"async\" width=\"25\" height=\"79\" src=\"https:\/\/integratedcare.mc3.sk\/wp-content\/uploads\/2021\/04\/1.png\" class=\"attachment-large size-large wp-image-71\" alt=\"\" \/>\t\t\t\t\t\t\t\t\t\t\t\t\t\t\t<\/div>\n\t\t\t\t<\/div>\n\t\t\t\t<div class=\"elementor-element elementor-element-c84b2aa elementor-widget__width-auto elementor-absolute elementor-widget elementor-widget-image\" data-id=\"c84b2aa\" data-element_type=\"widget\" data-e-type=\"widget\" data-settings=\"{&quot;_position&quot;:&quot;absolute&quot;}\" data-widget_type=\"image.default\">\n\t\t\t\t<div class=\"elementor-widget-container\">\n\t\t\t\t\t\t\t\t\t\t\t\t\t\t\t<img decoding=\"async\" width=\"61\" height=\"39\" src=\"https:\/\/integratedcare.mc3.sk\/wp-content\/uploads\/2021\/04\/2.png\" class=\"attachment-large size-large wp-image-72\" alt=\"\" \/>\t\t\t\t\t\t\t\t\t\t\t\t\t\t\t<\/div>\n\t\t\t\t<\/div>\n\t\t\t\t<div class=\"elementor-element elementor-element-5700000 elementor-widget elementor-widget-text-editor\" data-id=\"5700000\" data-element_type=\"widget\" data-e-type=\"widget\" data-widget_type=\"text-editor.default\">\n\t\t\t\t<div class=\"elementor-widget-container\">\n\t\t\t\t\t\t\t\t\t<p>T\u00e1to online platforma bola navrhnut\u00e1 v r\u00e1mci\u00a0medzin\u00e1rodn\u00e9ho projektu SCIROCCO Exchange &#8211; Centra riadenia znalost\u00ed &#8211; a sl\u00fa\u017ei pre v\u0161etk\u00fdch odborn\u00edkov pracuj\u00facich v zdravotn\u00edctve a v soci\u00e1lnom sektore.<\/p>\t\t\t\t\t\t\t\t<\/div>\n\t\t\t\t<\/div>\n\t\t\t\t<div class=\"elementor-element elementor-element-51f03c5 elementor-widget elementor-widget-text-editor\" data-id=\"51f03c5\" data-element_type=\"widget\" data-e-type=\"widget\" data-widget_type=\"text-editor.default\">\n\t\t\t\t<div class=\"elementor-widget-container\">\n\t\t\t\t\t\t\t\t\t<p><span style=\"font-weight: 400;\">Viac inform\u00e1ci\u00ed o\u00a0online platforme Integrovan\u00e1 starostlivos\u0165 na Slovensku n\u00e1jdete v \u010dasti\u00a0<\/span><span style=\"color: #008080;\"><a style=\"color: #008080;\" href=\"https:\/\/integratedcare.mc3.sk\/index.php\/o-nas\/\"><strong>O N\u00c1S<\/strong><\/a><\/span><span style=\"font-weight: 400;\">.<\/span><\/p>\t\t\t\t\t\t\t\t<\/div>\n\t\t\t\t<\/div>\n\t\t\t\t\t<\/div>\n\t\t<\/div>\n\t\t\t\t\t<\/div>\n\t\t<\/section>\n\t\t\t\t<\/div>\n\t\t","protected":false},"excerpt":{"rendered":"<p>ONLINE PLATFORMA Integrovan\u00e1 starostlivos\u0165 na Slovensku Vitajte na str\u00e1nke Integrovan\u00e1 starostlivos\u0165 na Slovensku Vitajte na str\u00e1nke Integrovan\u00e1 starostlivos\u0165 na Slovensku Cie\u013eom platformy je poskytn\u00fa\u0165 preh\u013ead o s\u00fa\u010dasnom stave, posilni\u0165 kompetencie a vedomosti v oblasti integrovanej starostlivosti, podpori\u0165 multidisciplin\u00e1rnu spolupr\u00e1cu, stimulova\u0165 budovanie siete profesion\u00e1lnych kontaktov v soci\u00e1lnych slu\u017eb\u00e1ch a zdravotn\u00edctve na n\u00e1rodnej, region\u00e1lnej a lok\u00e1lnej \u00farovni. [&hellip;]<\/p>\n","protected":false},"author":1,"featured_media":0,"parent":0,"menu_order":0,"comment_status":"closed","ping_status":"closed","template":"elementor_header_footer","meta":{"footnotes":""},"class_list":["post-351","page","type-page","status-publish","hentry"],"_links":{"self":[{"href":"https:\/\/integratedcare.mc3.sk\/index.php\/wp-json\/wp\/v2\/pages\/351","targetHints":{"allow":["GET"]}}],"collection":[{"href":"https:\/\/integratedcare.mc3.sk\/index.php\/wp-json\/wp\/v2\/pages"}],"about":[{"href":"https:\/\/integratedcare.mc3.sk\/index.php\/wp-json\/wp\/v2\/types\/page"}],"author":[{"embeddable":true,"href":"https:\/\/integratedcare.mc3.sk\/index.php\/wp-json\/wp\/v2\/users\/1"}],"replies":[{"embeddable":true,"href":"https:\/\/integratedcare.mc3.sk\/index.php\/wp-json\/wp\/v2\/comments?post=351"}],"version-history":[{"count":212,"href":"https:\/\/integratedcare.mc3.sk\/index.php\/wp-json\/wp\/v2\/pages\/351\/revisions"}],"predecessor-version":[{"id":2220,"href":"https:\/\/integratedcare.mc3.sk\/index.php\/wp-json\/wp\/v2\/pages\/351\/revisions\/2220"}],"wp:attachment":[{"href":"https:\/\/integratedcare.mc3.sk\/index.php\/wp-json\/wp\/v2\/media?parent=351"}],"curies":[{"name":"wp","href":"https:\/\/api.w.org\/{rel}","templated":true}]}}