{"id":46,"date":"2021-04-21T02:19:13","date_gmt":"2021-04-21T00:19:13","guid":{"rendered":"https:\/\/integratedcare.mc3.sk\/?page_id=46"},"modified":"2026-01-26T21:01:11","modified_gmt":"2026-01-26T19:01:11","slug":"implementacia","status":"publish","type":"page","link":"https:\/\/integratedcare.mc3.sk\/index.php\/start\/implementacia\/","title":{"rendered":"Implement\u00e1cia"},"content":{"rendered":"\t\t<div data-elementor-type=\"wp-page\" data-elementor-id=\"46\" class=\"elementor elementor-46\" data-elementor-post-type=\"page\">\n\t\t\t\t\t\t<section class=\"elementor-section elementor-top-section elementor-element elementor-element-671c8d9 elementor-reverse-mobile elementor-section-height-min-height elementor-section-boxed elementor-section-height-default elementor-section-items-middle\" data-id=\"671c8d9\" data-element_type=\"section\" data-e-type=\"section\" data-settings=\"{&quot;background_background&quot;:&quot;classic&quot;}\">\n\t\t\t\t\t\t\t<div class=\"elementor-background-overlay\"><\/div>\n\t\t\t\t\t\t\t<div class=\"elementor-container elementor-column-gap-default\">\n\t\t\t\t\t<div class=\"elementor-column elementor-col-100 elementor-top-column elementor-element elementor-element-7af395b\" data-id=\"7af395b\" data-element_type=\"column\" data-e-type=\"column\">\n\t\t\t<div class=\"elementor-widget-wrap elementor-element-populated\">\n\t\t\t\t\t\t<div class=\"elementor-element elementor-element-4a57ce3 elementor-view-framed elementor-shape-square elementor-widget__width-auto elementor-absolute elementor-position-block-start elementor-mobile-position-block-start elementor-widget elementor-widget-icon-box\" data-id=\"4a57ce3\" data-element_type=\"widget\" data-e-type=\"widget\" data-settings=\"{&quot;_position&quot;:&quot;absolute&quot;}\" data-widget_type=\"icon-box.default\">\n\t\t\t\t<div class=\"elementor-widget-container\">\n\t\t\t\t\t\t\t<div class=\"elementor-icon-box-wrapper\">\n\n\t\t\t\t\t\t<div class=\"elementor-icon-box-icon\">\n\t\t\t\t<a href=\"https:\/\/integratedcare.mc3.sk\/index.php\/start\/\" class=\"elementor-icon\" tabindex=\"-1\">\n\t\t\t\t<i aria-hidden=\"true\" class=\"fas fa-stopwatch\"><\/i>\t\t\t\t<\/a>\n\t\t\t<\/div>\n\t\t\t\n\t\t\t\n\t\t<\/div>\n\t\t\t\t\t\t<\/div>\n\t\t\t\t<\/div>\n\t\t\t\t\t<\/div>\n\t\t<\/div>\n\t\t\t\t\t<\/div>\n\t\t<\/section>\n\t\t\t\t<section class=\"elementor-section elementor-top-section elementor-element elementor-element-f703c28 elementor-section-boxed elementor-section-height-default elementor-section-height-default\" data-id=\"f703c28\" data-element_type=\"section\" data-e-type=\"section\" data-settings=\"{&quot;background_background&quot;:&quot;classic&quot;}\">\n\t\t\t\t\t\t<div class=\"elementor-container elementor-column-gap-default\">\n\t\t\t\t\t<div class=\"elementor-column elementor-col-100 elementor-top-column elementor-element elementor-element-673ea23\" data-id=\"673ea23\" data-element_type=\"column\" data-e-type=\"column\">\n\t\t\t<div class=\"elementor-widget-wrap elementor-element-populated\">\n\t\t\t\t\t\t<div class=\"elementor-element elementor-element-0b1c4d6 elementor-absolute elementor-widget elementor-widget-image\" data-id=\"0b1c4d6\" data-element_type=\"widget\" data-e-type=\"widget\" data-settings=\"{&quot;_position&quot;:&quot;absolute&quot;}\" data-widget_type=\"image.default\">\n\t\t\t\t<div class=\"elementor-widget-container\">\n\t\t\t\t\t\t\t\t\t\t\t\t\t\t\t<img decoding=\"async\" width=\"75\" height=\"75\" src=\"https:\/\/integratedcare.mc3.sk\/wp-content\/uploads\/2021\/04\/6.png\" class=\"elementor-animation-pulse attachment-large size-large wp-image-77\" alt=\"\" \/>\t\t\t\t\t\t\t\t\t\t\t\t\t\t\t<\/div>\n\t\t\t\t<\/div>\n\t\t\t\t<div class=\"elementor-element elementor-element-e804f5e elementor-widget elementor-widget-heading\" data-id=\"e804f5e\" data-element_type=\"widget\" data-e-type=\"widget\" data-widget_type=\"heading.default\">\n\t\t\t\t<div class=\"elementor-widget-container\">\n\t\t\t\t\t<h4 class=\"elementor-heading-title elementor-size-default\"> Projekty realizovan\u00e9 na Slovensku<\/h4>\t\t\t\t<\/div>\n\t\t\t\t<\/div>\n\t\t\t\t<div class=\"elementor-element elementor-element-e95d085 elementor-widget elementor-widget-text-editor\" data-id=\"e95d085\" data-element_type=\"widget\" data-e-type=\"widget\" data-widget_type=\"text-editor.default\">\n\t\t\t\t<div class=\"elementor-widget-container\">\n\t\t\t\t\t\t\t\t\t<ul><li>Projekt zameran\u00fd na Tvorbu postupov pre v\u00fdkon prevencie a ich uplatnenie do medic\u00ednskej praxe<br \/><span style=\"color: #328960;\"><strong><a style=\"color: #328960;\" href=\"https:\/\/www.standardnepostupy.sk\/standardne-postupy-prevencie\/\" target=\"_blank\" rel=\"noopener\">https:\/\/www.standardnepostupy.sk\/standardne-postupy-prevencie\/<\/a><\/strong><\/span><\/li><\/ul><ul><li>Projekt zameran\u00fd na Tvorbu klinick\u00fdch postupov a ich uplatnenie do medic\u00ednskej\u00a0praxe<br \/><span style=\"color: #328960;\"><strong><a style=\"color: #328960;\" href=\"https:\/\/www.standardnepostupy.sk\/sdtp-nove\/\" target=\"_blank\" rel=\"noopener\">https:\/\/www.standardnepostupy.sk\/sdtp-nove\/<\/a><br \/><\/strong><\/span>\u0160tandardy dlhodob\u00e1 starostlivos\u0165<br \/><a href=\"https:\/\/www.standardnepostupy.sk\/standardy-dlhodoba-starostlivost\/\" target=\"_blank\" rel=\"noopener\"><span style=\"color: #328960;\"><strong>https:\/\/www.standardnepostupy.sk\/standardy-dlhodoba-starostlivost\/<\/strong><\/span><\/a><\/li><\/ul><ul><li>INDEED online vzdel\u00e1vacia platforma\u00a0zameran\u00e1 na kompetencie a\u00a0zru\u010dnosti v\u00a0starostlivosti o\u00a0\u013eud\u00ed s\u00a0demenciou<br \/><span style=\"color: #328960;\"><strong><a style=\"color: #328960;\" href=\"https:\/\/centrummemory.sk\/inovacie-pre-demenciu\" target=\"_blank\" rel=\"noopener\">https:\/\/centrummemory.sk\/inovacie-pre-demenciu<\/a><br \/><\/strong><\/span><a href=\"https:\/\/youtu.be\/PS7TmNsPkAg\" target=\"_blank\" rel=\"noopener\"><span style=\"color: #328960;\"><strong>INDEED Trailer Slovakian<\/strong><\/span><\/a><\/li><\/ul><ul><li>Projekt alertu a n\u00fadzovej intervencie po\u010das pand\u00e9mie COVID-19 (IT MZ SR)<\/li><\/ul>\t\t\t\t\t\t\t\t<\/div>\n\t\t\t\t<\/div>\n\t\t\t\t<div class=\"elementor-element elementor-element-c06a683 elementor-icon-list--layout-traditional elementor-list-item-link-full_width elementor-widget elementor-widget-icon-list\" data-id=\"c06a683\" data-element_type=\"widget\" data-e-type=\"widget\" data-widget_type=\"icon-list.default\">\n\t\t\t\t<div class=\"elementor-widget-container\">\n\t\t\t\t\t\t\t<ul class=\"elementor-icon-list-items\">\n\t\t\t\t\t\t\t<li class=\"elementor-icon-list-item\">\n\t\t\t\t\t\t\t\t\t\t\t<a href=\"https:\/\/integratedcare.mc3.sk\/wp-content\/uploads\/2021\/10\/INTEGRATED-APPROACH-IN-LESSENING-THE-IMPACT-OF-COVID-19-IN-VULNERABLE-GROUPS.pdf\" target=\"_blank\">\n\n\t\t\t\t\t\t\t\t\t\t\t\t<span class=\"elementor-icon-list-icon\">\n\t\t\t\t\t\t\t<i aria-hidden=\"true\" class=\"fas fa-file-pdf\"><\/i>\t\t\t\t\t\t<\/span>\n\t\t\t\t\t\t\t\t\t\t<span class=\"elementor-icon-list-text\">Integrated approach in lessening the impact of COVID-19 in vulnerable groups<\/span>\n\t\t\t\t\t\t\t\t\t\t\t<\/a>\n\t\t\t\t\t\t\t\t\t<\/li>\n\t\t\t\t\t\t<\/ul>\n\t\t\t\t\t\t<\/div>\n\t\t\t\t<\/div>\n\t\t\t\t<div class=\"elementor-element elementor-element-4849121 elementor-widget elementor-widget-heading\" data-id=\"4849121\" data-element_type=\"widget\" data-e-type=\"widget\" data-widget_type=\"heading.default\">\n\t\t\t\t<div class=\"elementor-widget-container\">\n\t\t\t\t\t<h5 class=\"elementor-heading-title elementor-size-default\">Datab\u00e1za kontaktov v soci\u00e1lnych slu\u017eb\u00e1ch a zdravotn\u00edctve:\n<\/h5>\t\t\t\t<\/div>\n\t\t\t\t<\/div>\n\t\t\t\t<div class=\"elementor-element elementor-element-18ba018 elementor-widget elementor-widget-text-editor\" data-id=\"18ba018\" data-element_type=\"widget\" data-e-type=\"widget\" data-widget_type=\"text-editor.default\">\n\t\t\t\t<div class=\"elementor-widget-container\">\n\t\t\t\t\t\t\t\t\t<ul><li><span style=\"font-weight: 400;\">V\u00a0pr\u00edprave<br \/><br \/><\/span><\/li><\/ul><p style=\"padding-left: 40px;\"><span style=\"font-weight: 400;\">Ak chcete by\u0165 zaraden\u00e1\/\u00fd do datab\u00e1zy kontaktujte <\/span><strong>zuzana.katreniakova@upjs.sk <\/strong><\/p>\t\t\t\t\t\t\t\t<\/div>\n\t\t\t\t<\/div>\n\t\t\t\t\t<\/div>\n\t\t<\/div>\n\t\t\t\t\t<\/div>\n\t\t<\/section>\n\t\t\t\t<section class=\"elementor-section elementor-top-section elementor-element elementor-element-05a1a8c elementor-section-full_width elementor-section-height-default elementor-section-height-default\" data-id=\"05a1a8c\" data-element_type=\"section\" data-e-type=\"section\">\n\t\t\t\t\t\t<div class=\"elementor-container elementor-column-gap-default\">\n\t\t\t\t\t<div class=\"elementor-column elementor-col-100 elementor-top-column elementor-element elementor-element-e4e9dc9\" data-id=\"e4e9dc9\" data-element_type=\"column\" data-e-type=\"column\" data-settings=\"{&quot;background_background&quot;:&quot;classic&quot;}\">\n\t\t\t<div class=\"elementor-widget-wrap elementor-element-populated\">\n\t\t\t\t\t\t<div class=\"elementor-element elementor-element-16cd428 elementor-widget elementor-widget-spacer\" data-id=\"16cd428\" data-element_type=\"widget\" data-e-type=\"widget\" data-widget_type=\"spacer.default\">\n\t\t\t\t<div class=\"elementor-widget-container\">\n\t\t\t\t\t\t\t<div class=\"elementor-spacer\">\n\t\t\t<div class=\"elementor-spacer-inner\"><\/div>\n\t\t<\/div>\n\t\t\t\t\t\t<\/div>\n\t\t\t\t<\/div>\n\t\t\t\t\t<\/div>\n\t\t<\/div>\n\t\t\t\t\t<\/div>\n\t\t<\/section>\n\t\t\t\t<section class=\"elementor-section elementor-top-section elementor-element elementor-element-9192fe6 elementor-section-boxed elementor-section-height-default elementor-section-height-default\" data-id=\"9192fe6\" data-element_type=\"section\" data-e-type=\"section\" data-settings=\"{&quot;background_background&quot;:&quot;classic&quot;}\">\n\t\t\t\t\t\t<div class=\"elementor-container elementor-column-gap-default\">\n\t\t\t\t\t<div class=\"elementor-column elementor-col-100 elementor-top-column elementor-element elementor-element-15c602a elementor-invisible\" data-id=\"15c602a\" data-element_type=\"column\" data-e-type=\"column\" data-settings=\"{&quot;animation&quot;:&quot;fadeInUp&quot;,&quot;animation_delay&quot;:300}\">\n\t\t\t<div class=\"elementor-widget-wrap elementor-element-populated\">\n\t\t\t\t\t\t<div class=\"elementor-element elementor-element-96fcd6f elementor-widget-divider--view-line_text elementor-widget-divider--element-align-center elementor-widget elementor-widget-divider\" data-id=\"96fcd6f\" data-element_type=\"widget\" data-e-type=\"widget\" data-widget_type=\"divider.default\">\n\t\t\t\t<div class=\"elementor-widget-container\">\n\t\t\t\t\t\t\t<div class=\"elementor-divider\">\n\t\t\t<span class=\"elementor-divider-separator\">\n\t\t\t\t\t\t\t<span class=\"elementor-divider__text elementor-divider__element\">\n\t\t\t\t\u010eal\u0161ie v sekcii \u0160TART\t\t\t\t<\/span>\n\t\t\t\t\t\t<\/span>\n\t\t<\/div>\n\t\t\t\t\t\t<\/div>\n\t\t\t\t<\/div>\n\t\t\t\t<section class=\"elementor-section elementor-inner-section elementor-element elementor-element-af54e69 elementor-section-boxed elementor-section-height-default elementor-section-height-default\" data-id=\"af54e69\" data-element_type=\"section\" data-e-type=\"section\">\n\t\t\t\t\t\t<div class=\"elementor-container elementor-column-gap-default\">\n\t\t\t\t\t<div class=\"elementor-column elementor-col-50 elementor-inner-column elementor-element elementor-element-39d8c90\" data-id=\"39d8c90\" data-element_type=\"column\" data-e-type=\"column\">\n\t\t\t<div class=\"elementor-widget-wrap elementor-element-populated\">\n\t\t\t\t\t\t<div class=\"elementor-element elementor-element-df90b1e elementor-position-top elementor-widget elementor-widget-image-box\" data-id=\"df90b1e\" data-element_type=\"widget\" data-e-type=\"widget\" data-widget_type=\"image-box.default\">\n\t\t\t\t<div class=\"elementor-widget-container\">\n\t\t\t\t\t<div class=\"elementor-image-box-wrapper\"><figure class=\"elementor-image-box-img\"><a href=\"https:\/\/integratedcare.mc3.sk\/index.php\/start\/nastroje\/\" tabindex=\"-1\"><img fetchpriority=\"high\" decoding=\"async\" width=\"2000\" height=\"1325\" src=\"https:\/\/integratedcare.mc3.sk\/wp-content\/uploads\/2021\/05\/people-AF6GCE5-web.jpg\" class=\"elementor-animation-float attachment-full size-full wp-image-1947\" alt=\"\" srcset=\"https:\/\/integratedcare.mc3.sk\/wp-content\/uploads\/2021\/05\/people-AF6GCE5-web.jpg 2000w, https:\/\/integratedcare.mc3.sk\/wp-content\/uploads\/2021\/05\/people-AF6GCE5-web-300x199.jpg 300w, https:\/\/integratedcare.mc3.sk\/wp-content\/uploads\/2021\/05\/people-AF6GCE5-web-1024x678.jpg 1024w, https:\/\/integratedcare.mc3.sk\/wp-content\/uploads\/2021\/05\/people-AF6GCE5-web-768x509.jpg 768w, https:\/\/integratedcare.mc3.sk\/wp-content\/uploads\/2021\/05\/people-AF6GCE5-web-1536x1018.jpg 1536w\" sizes=\"(max-width: 2000px) 100vw, 2000px\" \/><\/a><\/figure><div class=\"elementor-image-box-content\"><h3 class=\"elementor-image-box-title\"><a href=\"https:\/\/integratedcare.mc3.sk\/index.php\/start\/nastroje\/\">N\u00e1stroje<\/a><\/h3><p class=\"elementor-image-box-description\">N\u00e1stroje pre zefekt\u00edvnenie implement\u00e1cie <br>integrovanej starostlivosti<\/p><\/div><\/div>\t\t\t\t<\/div>\n\t\t\t\t<\/div>\n\t\t\t\t<div class=\"elementor-element elementor-element-2ab124c elementor-view-default elementor-widget elementor-widget-icon\" data-id=\"2ab124c\" data-element_type=\"widget\" data-e-type=\"widget\" data-widget_type=\"icon.default\">\n\t\t\t\t<div class=\"elementor-widget-container\">\n\t\t\t\t\t\t\t<div class=\"elementor-icon-wrapper\">\n\t\t\t<a class=\"elementor-icon elementor-animation-pulse\" href=\"https:\/\/integratedcare.mc3.sk\/index.php\/start\/nastroje\/\">\n\t\t\t<i aria-hidden=\"true\" class=\"fas fa-arrow-alt-circle-right\"><\/i>\t\t\t<\/a>\n\t\t<\/div>\n\t\t\t\t\t\t<\/div>\n\t\t\t\t<\/div>\n\t\t\t\t\t<\/div>\n\t\t<\/div>\n\t\t\t\t<div class=\"elementor-column elementor-col-50 elementor-inner-column elementor-element elementor-element-bd40f43\" data-id=\"bd40f43\" data-element_type=\"column\" data-e-type=\"column\">\n\t\t\t<div class=\"elementor-widget-wrap elementor-element-populated\">\n\t\t\t\t\t\t<div class=\"elementor-element elementor-element-b0c4efc elementor-position-top elementor-widget elementor-widget-image-box\" data-id=\"b0c4efc\" data-element_type=\"widget\" data-e-type=\"widget\" data-widget_type=\"image-box.default\">\n\t\t\t\t<div class=\"elementor-widget-container\">\n\t\t\t\t\t<div class=\"elementor-image-box-wrapper\"><figure class=\"elementor-image-box-img\"><a href=\"https:\/\/integratedcare.mc3.sk\/index.php\/start\/pouzitie-na-slovensku\/\" tabindex=\"-1\"><img decoding=\"async\" width=\"2000\" height=\"1333\" src=\"https:\/\/integratedcare.mc3.sk\/wp-content\/uploads\/2021\/05\/caregiver-or-healthcare-worker-with-senior-woman-p-8DZGSMB-web.jpg\" class=\"elementor-animation-float attachment-full size-full wp-image-1757\" alt=\"\" srcset=\"https:\/\/integratedcare.mc3.sk\/wp-content\/uploads\/2021\/05\/caregiver-or-healthcare-worker-with-senior-woman-p-8DZGSMB-web.jpg 2000w, https:\/\/integratedcare.mc3.sk\/wp-content\/uploads\/2021\/05\/caregiver-or-healthcare-worker-with-senior-woman-p-8DZGSMB-web-300x200.jpg 300w, https:\/\/integratedcare.mc3.sk\/wp-content\/uploads\/2021\/05\/caregiver-or-healthcare-worker-with-senior-woman-p-8DZGSMB-web-1024x682.jpg 1024w, https:\/\/integratedcare.mc3.sk\/wp-content\/uploads\/2021\/05\/caregiver-or-healthcare-worker-with-senior-woman-p-8DZGSMB-web-768x512.jpg 768w, https:\/\/integratedcare.mc3.sk\/wp-content\/uploads\/2021\/05\/caregiver-or-healthcare-worker-with-senior-woman-p-8DZGSMB-web-1536x1024.jpg 1536w\" sizes=\"(max-width: 2000px) 100vw, 2000px\" \/><\/a><\/figure><div class=\"elementor-image-box-content\"><h3 class=\"elementor-image-box-title\"><a href=\"https:\/\/integratedcare.mc3.sk\/index.php\/start\/pouzitie-na-slovensku\/\">Pou\u017eitie na Slovensku<\/a><\/h3><p class=\"elementor-image-box-description\">Aktu\u00e1lny r\u00e1mec implement\u00e1cie <br>integrovanej starostlivosti na Slovensku<\/p><\/div><\/div>\t\t\t\t<\/div>\n\t\t\t\t<\/div>\n\t\t\t\t<div class=\"elementor-element elementor-element-2747bff elementor-view-default elementor-widget elementor-widget-icon\" data-id=\"2747bff\" data-element_type=\"widget\" data-e-type=\"widget\" data-widget_type=\"icon.default\">\n\t\t\t\t<div class=\"elementor-widget-container\">\n\t\t\t\t\t\t\t<div class=\"elementor-icon-wrapper\">\n\t\t\t<a class=\"elementor-icon elementor-animation-pulse\" href=\"https:\/\/integratedcare.mc3.sk\/index.php\/start\/pouzitie-na-slovensku\/\">\n\t\t\t<i aria-hidden=\"true\" class=\"fas fa-arrow-alt-circle-right\"><\/i>\t\t\t<\/a>\n\t\t<\/div>\n\t\t\t\t\t\t<\/div>\n\t\t\t\t<\/div>\n\t\t\t\t\t<\/div>\n\t\t<\/div>\n\t\t\t\t\t<\/div>\n\t\t<\/section>\n\t\t\t\t<div class=\"elementor-element elementor-element-a60ceb5 elementor-widget elementor-widget-spacer\" data-id=\"a60ceb5\" data-element_type=\"widget\" data-e-type=\"widget\" data-widget_type=\"spacer.default\">\n\t\t\t\t<div class=\"elementor-widget-container\">\n\t\t\t\t\t\t\t<div class=\"elementor-spacer\">\n\t\t\t<div class=\"elementor-spacer-inner\"><\/div>\n\t\t<\/div>\n\t\t\t\t\t\t<\/div>\n\t\t\t\t<\/div>\n\t\t\t\t\t<\/div>\n\t\t<\/div>\n\t\t\t\t\t<\/div>\n\t\t<\/section>\n\t\t\t\t<\/div>\n\t\t","protected":false},"excerpt":{"rendered":"<p>Projekty realizovan\u00e9 na Slovensku Projekt zameran\u00fd na Tvorbu postupov pre v\u00fdkon prevencie a ich uplatnenie do medic\u00ednskej praxehttps:\/\/www.standardnepostupy.sk\/standardne-postupy-prevencie\/ Projekt zameran\u00fd na Tvorbu klinick\u00fdch postupov a ich uplatnenie do medic\u00ednskej\u00a0praxehttps:\/\/www.standardnepostupy.sk\/sdtp-nove\/\u0160tandardy dlhodob\u00e1 starostlivos\u0165https:\/\/www.standardnepostupy.sk\/standardy-dlhodoba-starostlivost\/ INDEED online vzdel\u00e1vacia platforma\u00a0zameran\u00e1 na kompetencie a\u00a0zru\u010dnosti v\u00a0starostlivosti o\u00a0\u013eud\u00ed s\u00a0demenciouhttps:\/\/centrummemory.sk\/inovacie-pre-demenciuINDEED Trailer Slovakian Projekt alertu a n\u00fadzovej intervencie po\u010das pand\u00e9mie COVID-19 (IT MZ SR) Integrated [&hellip;]<\/p>\n","protected":false},"author":1,"featured_media":0,"parent":17,"menu_order":3,"comment_status":"closed","ping_status":"closed","template":"elementor_header_footer","meta":{"footnotes":""},"class_list":["post-46","page","type-page","status-publish","hentry"],"_links":{"self":[{"href":"https:\/\/integratedcare.mc3.sk\/index.php\/wp-json\/wp\/v2\/pages\/46","targetHints":{"allow":["GET"]}}],"collection":[{"href":"https:\/\/integratedcare.mc3.sk\/index.php\/wp-json\/wp\/v2\/pages"}],"about":[{"href":"https:\/\/integratedcare.mc3.sk\/index.php\/wp-json\/wp\/v2\/types\/page"}],"author":[{"embeddable":true,"href":"https:\/\/integratedcare.mc3.sk\/index.php\/wp-json\/wp\/v2\/users\/1"}],"replies":[{"embeddable":true,"href":"https:\/\/integratedcare.mc3.sk\/index.php\/wp-json\/wp\/v2\/comments?post=46"}],"version-history":[{"count":85,"href":"https:\/\/integratedcare.mc3.sk\/index.php\/wp-json\/wp\/v2\/pages\/46\/revisions"}],"predecessor-version":[{"id":2758,"href":"https:\/\/integratedcare.mc3.sk\/index.php\/wp-json\/wp\/v2\/pages\/46\/revisions\/2758"}],"up":[{"embeddable":true,"href":"https:\/\/integratedcare.mc3.sk\/index.php\/wp-json\/wp\/v2\/pages\/17"}],"wp:attachment":[{"href":"https:\/\/integratedcare.mc3.sk\/index.php\/wp-json\/wp\/v2\/media?parent=46"}],"curies":[{"name":"wp","href":"https:\/\/api.w.org\/{rel}","templated":true}]}}